{"id":16,"date":"2017-07-05T15:37:22","date_gmt":"2017-07-05T13:37:22","guid":{"rendered":"http:\/\/annepascale-viry.com\/?page_id=16"},"modified":"2021-01-13T15:57:56","modified_gmt":"2021-01-13T14:57:56","slug":"accueil","status":"publish","type":"page","link":"https:\/\/annepascale-viry.com\/","title":{"rendered":"Accueil"},"content":{"rendered":"<h2><strong>Emmener les \u00e9quipes vers un succ\u00e8s partag\u00e9 !&nbsp;<\/strong><\/h2>\n<p><\/p>\n\n\n<figure class=\"wp-block-image size-large is-resized\"><img loading=\"lazy\" src=\"http:\/\/annepascale-viry.com\/wp-content\/uploads\/2021\/01\/equipe-4.jpeg\" alt=\"\" class=\"wp-image-122\" width=\"674\" height=\"450\" srcset=\"https:\/\/annepascale-viry.com\/wp-content\/uploads\/2021\/01\/equipe-4.jpeg 500w, https:\/\/annepascale-viry.com\/wp-content\/uploads\/2021\/01\/equipe-4-300x200.jpeg 300w\" sizes=\"(max-width: 674px) 100vw, 674px\" \/><\/figure>\n\n\n\n<p>C&#8217;est toujours ce que j&#8217;ai cherch\u00e9 \u00e0 mettre en place que ce soit en tant que manager ou bien par la suite dans chacun des accompagnements que je fais. <\/p>\n\n\n\n<p>J&#8217;ai exerc\u00e9 pendant plus de 22 ans dans le management de projets et d&#8217;\u00e9quipes, dans des environnements complexes et mouvants.<\/p>\n\n\n\n<p>Cette exp\u00e9rience m&#8217;a permis de d\u00e9velopper une forte capacit\u00e9 \u00e0 exercer un leadership \u00e9clair\u00e9 sur un groupe de personnes pour<br>&#8211; transformer ce groupe en une \u00e9quipe soud\u00e9e et motiv\u00e9e<br>&#8211; faire grandir l&#8217;\u00e9quipe et le potentiel de chacun<br>&#8211; atteindre le succ\u00e8s tous ensemble<\/p>\n\n\n\n<figure class=\"wp-block-image size-large is-resized\"><img loading=\"lazy\" src=\"http:\/\/annepascale-viry.com\/wp-content\/uploads\/2021\/01\/equipe-1-1.jpeg\" alt=\"\" class=\"wp-image-119\" width=\"671\" height=\"447\" srcset=\"https:\/\/annepascale-viry.com\/wp-content\/uploads\/2021\/01\/equipe-1-1.jpeg 500w, https:\/\/annepascale-viry.com\/wp-content\/uploads\/2021\/01\/equipe-1-1-300x200.jpeg 300w\" sizes=\"(max-width: 671px) 100vw, 671px\" \/><\/figure>\n\n\n\n<p><\/p>\n","protected":false},"excerpt":{"rendered":"<p>Emmener les \u00e9quipes vers un succ\u00e8s partag\u00e9 !&nbsp; C&#8217;est toujours ce que j&#8217;ai cherch\u00e9 \u00e0 mettre en place que ce soit en tant que manager ou bien par la suite dans chacun des accompagnements que je fais. J&#8217;ai exerc\u00e9 pendant plus de 22 ans dans le management de projets et d&#8217;\u00e9quipes, dans des environnements complexes &hellip; <\/p>\n<p class=\"link-more\"><a href=\"https:\/\/annepascale-viry.com\/\" class=\"more-link\">Continue reading<span class=\"screen-reader-text\"> &#8220;Accueil&#8221;<\/span><\/a><\/p>\n","protected":false},"author":1,"featured_media":0,"parent":0,"menu_order":0,"comment_status":"closed","ping_status":"closed","template":"","meta":[],"_links":{"self":[{"href":"https:\/\/annepascale-viry.com\/index.php\/wp-json\/wp\/v2\/pages\/16"}],"collection":[{"href":"https:\/\/annepascale-viry.com\/index.php\/wp-json\/wp\/v2\/pages"}],"about":[{"href":"https:\/\/annepascale-viry.com\/index.php\/wp-json\/wp\/v2\/types\/page"}],"author":[{"embeddable":true,"href":"https:\/\/annepascale-viry.com\/index.php\/wp-json\/wp\/v2\/users\/1"}],"replies":[{"embeddable":true,"href":"https:\/\/annepascale-viry.com\/index.php\/wp-json\/wp\/v2\/comments?post=16"}],"version-history":[{"count":11,"href":"https:\/\/annepascale-viry.com\/index.php\/wp-json\/wp\/v2\/pages\/16\/revisions"}],"predecessor-version":[{"id":151,"href":"https:\/\/annepascale-viry.com\/index.php\/wp-json\/wp\/v2\/pages\/16\/revisions\/151"}],"wp:attachment":[{"href":"https:\/\/annepascale-viry.com\/index.php\/wp-json\/wp\/v2\/media?parent=16"}],"curies":[{"name":"wp","href":"https:\/\/api.w.org\/{rel}","templated":true}]}}